{"id":278,"date":"2024-02-26T09:20:07","date_gmt":"2024-02-26T12:20:07","guid":{"rendered":"https:\/\/akiraastrologia.com.br\/dnarna\/?page_id=278"},"modified":"2024-10-01T17:48:29","modified_gmt":"2024-10-01T20:48:29","slug":"topicos","status":"publish","type":"page","link":"https:\/\/akiraastrologia.com.br\/dnarna\/topicos\/","title":{"rendered":"T\u00f3picos"},"content":{"rendered":"<div class=\"rsc_message\"><h4 style=\"text-align: center\"><strong>Voc\u00ea deve estar inscrito para ver esse conte\u00fado !<\/strong><\/h4>\r\n<p style=\"text-align: center\">Caso j\u00e1 tenha feito sua inscri\u00e7\u00e3o, verifique fa\u00e7a o Login com seu e-mail para acessar o sistema. Qualquer d\u00favida, entre em contato com o Suporte.<\/p>\r\n<p style=\"text-align: center\"><a href=\"https:\/\/akiraastrologia.com.br\/dnarna\/login-2\/\"><strong>Login<\/strong><\/a><\/p>\r\n<p style=\"text-align: center\"><a href=\"https:\/\/akiraastrologia.com.br\/dnarna\/astro-ia-2-0-divulgacao\/\"><strong>Nova Inscri\u00e7\u00e3o<\/strong><\/a><\/p>\r\n<p style=\"text-align: center\"><a href=\"https:\/\/akiraastrologia.com.br\/dnarna\/\"><strong>P\u00e1gina Principal<\/strong><\/a><\/p>\r\n\u00a0<\/div>","protected":false},"excerpt":{"rendered":"<p>Voc\u00ea deve estar inscrito para ver esse conte\u00fado ! Caso j\u00e1 tenha feito sua inscri\u00e7\u00e3o, verifique fa\u00e7a o Login com seu e-mail para acessar o sistema. Qualquer d\u00favida, entre em contato com o Suporte. Login Nova Inscri\u00e7\u00e3o P\u00e1gina Principal \u00a0<\/p>\n","protected":false},"author":1,"featured_media":0,"parent":0,"menu_order":0,"comment_status":"closed","ping_status":"closed","template":"","meta":{"_eb_attr":"","footnotes":""},"class_list":["post-278","page","type-page","status-publish","hentry"],"aioseo_notices":[],"_links":{"self":[{"href":"https:\/\/akiraastrologia.com.br\/dnarna\/wp-json\/wp\/v2\/pages\/278","targetHints":{"allow":["GET"]}}],"collection":[{"href":"https:\/\/akiraastrologia.com.br\/dnarna\/wp-json\/wp\/v2\/pages"}],"about":[{"href":"https:\/\/akiraastrologia.com.br\/dnarna\/wp-json\/wp\/v2\/types\/page"}],"author":[{"embeddable":true,"href":"https:\/\/akiraastrologia.com.br\/dnarna\/wp-json\/wp\/v2\/users\/1"}],"replies":[{"embeddable":true,"href":"https:\/\/akiraastrologia.com.br\/dnarna\/wp-json\/wp\/v2\/comments?post=278"}],"version-history":[{"count":156,"href":"https:\/\/akiraastrologia.com.br\/dnarna\/wp-json\/wp\/v2\/pages\/278\/revisions"}],"predecessor-version":[{"id":3247,"href":"https:\/\/akiraastrologia.com.br\/dnarna\/wp-json\/wp\/v2\/pages\/278\/revisions\/3247"}],"wp:attachment":[{"href":"https:\/\/akiraastrologia.com.br\/dnarna\/wp-json\/wp\/v2\/media?parent=278"}],"curies":[{"name":"wp","href":"https:\/\/api.w.org\/{rel}","templated":true}]}}