{"id":1342,"date":"2024-04-11T18:51:01","date_gmt":"2024-04-11T21:51:01","guid":{"rendered":"https:\/\/akiraastrologia.com.br\/dnarna\/login-2\/"},"modified":"2024-09-30T03:52:25","modified_gmt":"2024-09-30T06:52:25","slug":"login-2","status":"publish","type":"page","link":"https:\/\/akiraastrologia.com.br\/dnarna\/login-2\/","title":{"rendered":"Login"},"content":{"rendered":"\t\t<div data-elementor-type=\"wp-page\" data-elementor-id=\"1342\" class=\"elementor elementor-1342\">\n\t\t\t\t<div class=\"elementor-element elementor-element-41b72c5d e-flex e-con-boxed wpr-particle-no wpr-jarallax-no wpr-parallax-no wpr-sticky-section-no e-con e-parent\" data-id=\"41b72c5d\" data-element_type=\"container\">\n\t\t\t\t\t<div class=\"e-con-inner\">\n\t\t\t\t<div class=\"elementor-element elementor-element-4b69f886 elementor-widget elementor-widget-text-editor\" data-id=\"4b69f886\" data-element_type=\"widget\" data-widget_type=\"text-editor.default\">\n\t\t\t\t<div class=\"elementor-widget-container\">\n\t\t\t\t\t\t\t\t\t<div class=\"logged-out wp-block-loginout\"><a href=\"https:\/\/akiraastrologia.com.br\/dnarna\/wp-login.php?redirect_to=https%3A%2F%2Fakiraastrologia.com.br%2Fdnarna%2Fwp-json%2Fwp%2Fv2%2Fpages%2F1342\">Acessar<\/a><\/div>\t\t\t\t\t\t\t\t<\/div>\n\t\t\t\t<\/div>\n\t\t\t\t<div class=\"elementor-element elementor-element-5c52085 elementor-widget elementor-widget-eael-login-register\" data-id=\"5c52085\" data-element_type=\"widget\" data-widget_type=\"eael-login-register.default\">\n\t\t\t\t<div class=\"elementor-widget-container\">\n\t\t\t\t\t        <div class=\"eael-login-registration-wrapper \"\n             data-is-ajax=\"\"\n             data-widget-id=\"5c52085\"\n             data-page-id=\"1342\"\n             data-recaptcha-sitekey=\"\"\n\t\t\t data-recaptcha-sitekey-v3=\"\"\n\t\t\t data-login-recaptcha-version=\"v2\"\n\t\t\t data-register-recaptcha-version=\"v2\"\n\t\t\t data-lostpassword-recaptcha-version=\"v2\"\n             data-redirect-to=\"https:\/\/akiraastrologia.com.br\/dnarna\/\"\n             data-resetpassword-redirect-to=\"\"\n        >\n\t\t\t            <section\n                    id=\"eael-login-form-wrapper\"\n                    class=\"\"\n                    data-recaptcha-theme=\"light\"\n                    data-recaptcha-size=\"normal\">\n                <div class=\"eael-login-form-wrapper eael-lr-form-wrapper style-2 \">\n\t\t\t\t\t                        <div class=\"lr-form-wrapper\">\n\t\t\t\t\t\t\t\t\t\t\t\t\t\t                            <form class=\"eael-login-form eael-lr-form\"\n                                  id=\"eael-login-form\"\n                                  method=\"post\">\n\t\t\t\t\t\t\t\t                                <div class=\"eael-lr-form-group eael-user-login\">\n\t\t\t\t\t\t\t\t\t<label for=\"eael-user-login\" class=\"eael-field-label\">E-mail<\/label>                                    <input type=\"text\"\n                                           name=\"eael-user-login\"\n                                           id=\"eael-user-login\"\n                                           class=\"eael-lr-form-control\"\n                                           placeholder=\"Nome de usu\u00e1rio ou endere\u00e7o de e-mail\"\n                                           required>\n\t\t\t\t\t\t\t\t\t                                <\/div>\n                                <div class=\"eael-lr-form-group eael-user-password\">\n\t\t\t\t\t\t\t\t\t<label for=\"eael-user-password\" class=\"eael-field-label\">Senha<\/label>                                    <div class=\"eael-lr-password-wrapper\">\n                                        <input type=\"password\"\n                                               name=\"eael-user-password\"\n                                               class=\"eael-lr-form-control\"\n                                               id=\"eael-user-password\"\n                                               placeholder=\"Senha\"\n                                               required>\n\t\t\t\t\t\t\t\t\t\t                                            <button type=\"button\"\n                                                    id=\"wp-hide-pw\"\n                                                    class=\"wp-hide-pw hide-if-no-js\"\n                                                    aria-label=\"Show password\">\n                                                <span class=\"dashicons dashicons-visibility\"\n                                                      aria-hidden=\"true\"><\/span>\n                                            <\/button>\n\t\t\t\t\t\t\t\t\t\t\t\t\t\t\t\t\t\t\t\t                                    <\/div>\n                                <\/div>\n                                <div class=\"eael-forever-forget eael-lr-form-group\">\n\t\t\t\t\t\t\t\t\t                                        <p class=\"forget-menot\">\n                                            <input name=\"eael-rememberme\"\n                                                   type=\"checkbox\"\n                                                   id=\"rememberme\"\n\t\t\t\t\t\t\t\t\t\t\t\t                                                      class=\"remember-me \"\n                                                   value=\"forever\">\n                                            <label for=\"rememberme\"\n                                                   class=\"eael-checkbox-label rememberme\">Lembrar de mim<\/label>\n                                        <\/p>\n\t\t\t\t\t\t\t\t\t<p class=\"forget-pass\"><a href=\"https:\/\/akiraastrologia.com.br\/dnarna\/minha-conta\/lost-password\/\">Esqueceu a senha?<\/a><\/p>\n                                <\/div>\n\n\t\t\t\t\t\t\t\t\n\n                                <div class=\"eael-lr-footer\">\n\t\t\t\t\t\t\t\t\t<div class=\"eael-lr-form-loader-wrapper\">\n                                    \t<input type=\"submit\"\n                                           name=\"eael-login-submit\"\n                                           id=\"eael-login-submit\"\n                                           class=\"g-recaptcha eael-lr-btn eael-lr-btn-block \"\n                                           value=\"Acessar\"\/>\n\t\t\t\t\t\t\t\t\t\t\n\t\t\t\t\t\t\t\t\t\t\n\t\t\t\t\t\t\t\t\t<\/div>\n\t\t\t\t\t\t\t\t\t\n                                <\/div>\n\t\t\t\t\t\t\t\t                                <div class=\"eael-form-validation-container\">\n\t\t\t\t\t\t\t\t\t                                <\/div>\n\t\t\t\t\t\t\t\t                <input type=\"hidden\"\n                       name=\"redirect_to\"\n                       value=\"https:\/\/akiraastrologia.com.br\/dnarna\/\">\n\t\t\t<input type=\"hidden\" id=\"eael-login-nonce\" name=\"eael-login-nonce\" value=\"9654f3e00e\" \/><input type=\"hidden\" name=\"_wp_http_referer\" value=\"\/dnarna\/wp-json\/wp\/v2\/pages\/1342\" \/>        <input type=\"hidden\"\n               name=\"page_id\"\n               value=\"1342\">\n\t\t<input type=\"hidden\"\n               name=\"page_id_for_popup\"\n               value=\"1342\">\t   \n\t\t<input type=\"hidden\"\n               name=\"resetpassword_in_popup_selector\"\n               value=\"\">\n        <input type=\"hidden\"\n               name=\"widget_id\"\n               value=\"5c52085\">\n\t\t                            <\/form>\n\t\t\t\t\t\t\t                        <\/div>\n\t\t\t\t\t\t                <\/div>\n\n            <\/section>\n\n\t\t\t<script>\n\t\t\t\tjQuery(document).ready(function($){\n\t\t\t\t\tvar eael_get_login_status = localStorage.getItem( 'eael-is-login-form' );\n\t\t\t\t\tif( eael_get_login_status === 'true' ) {\n\t\t\t\t\t\tsetTimeout(function() {\n\t\t\t\t\t\t\tvar button = jQuery('[eael-login=\"yes\"]');\n\t\t\t\t\t\t\tif( ! button.hasClass('eael-clicked') ) {\n\t\t\t\t\t\t\t\tbutton.trigger('click').addClass('eael-clicked');\n\t\t\t\t\t\t\t}\n\t\t\t\t\t\t}, 100);\n\n\t\t\t\t\t\tsetTimeout(function() {\n\t\t\t\t\t\t\tjQuery('[eael-login=\"yes\"]').removeClass('eael-clicked')\n\t\t\t\t\t\t}, 500);\n\t\t\t\t\t}\n\t\t\t\t});\n\t\t\t<\/script>\n\t\t\t            <section\n                    id=\"eael-lostpassword-form-wrapper\"\n                    class=\"eael-lr-d-none\"\n\t\t\t\t\tdata-recaptcha-theme=\"light\"\n                    data-recaptcha-size=\"normal\"\n                    >\n                <div class=\"eael-lostpassword-form-wrapper eael-lr-form-wrapper style-2 \">\n\t\t\t\t\t\t\t\t\t\t<div class=\"lr-form-wrapper\">\n\t\t\t\t\t\t\t\t\t\t\t\t\t\t\t\t\t\t<form class=\"eael-lostpassword-form eael-lr-form\"\n\t\t\t\t\t\t\t  id=\"eael-lostpassword-form\"\n\t\t\t\t\t\t\t  method=\"post\">\n\t\t\t\t\t\t\t\t\t\t\t\t\t\t<div class=\"eael-lr-form-group \">\n\t\t\t\t\t\t\t\t<label for=\"eael-user-lostpassword\" class=\"eael-field-label\">Nome de usu\u00e1rio ou endere\u00e7o de e-mail<\/label>\t\t\t\t\t\t\t\t<input type=\"text\"\n\t\t\t\t\t\t\t\t\t   name=\"eael-user-lostpassword\"\n\t\t\t\t\t\t\t\t\t   id=\"eael-user-lostpassword\"\n\t\t\t\t\t\t\t\t\t   class=\"eael-lr-form-control\"\n\t\t\t\t\t\t\t\t\t   placeholder=\"Nome de usu\u00e1rio ou endere\u00e7o de e-mail\"\n\t\t\t\t\t\t\t\t\t   required>\n\t\t\t\t\t\t\t\t\t\t\t\t\t\t\t<\/div>\n\n\t\t\t\t\t\t\t\n\t\t\t\t\t\t\t<div class=\"eael-lr-footer\">\n\t\t\t\t\t\t\t\t<input type=\"submit\"\n\t\t\t\t\t\t\t\t\t   name=\"eael-lostpassword-submit\"\n\t\t\t\t\t\t\t\t\t   id=\"eael-lostpassword-submit\"\n\t\t\t\t\t\t\t\t\t   class=\"g-recaptcha eael-lr-btn eael-lr-btn-block   \"\n\t\t\t\t\t\t\t\t\t   value=\"Redefinir senha\"\/>\n\t\t\t\t\t\t\t\t\t\t\t\t\t\t\t\t\t<div class=\"eael-sign-wrapper \">\n\t\t\t\t\t\t\t\t\t\t<span class=\"d-ib\"> <\/span> <a href=\"\" id=\"eael-lr-login-toggle-lostpassword\" class=\"eael-lr-link\" data-action=\"form\">Entrar<\/a>\t\t\t\t\t\t\t\t\t<\/div>\n\t\t\t\t\t\t\t\t\n\t\t\t\t\t\t\t<\/div>\n\t\t\t\t\t\t\t\t\t\t\t\t\t\t<div class=\"eael-form-validation-container\">\n\t\t\t\t\t\t\t\t\t\t\t\t\t\t\t<\/div>\n\t\t\t\t\t\t\t<input type=\"hidden\" id=\"eael-lostpassword-nonce\" name=\"eael-lostpassword-nonce\" value=\"0fa1ee960d\" \/><input type=\"hidden\" name=\"_wp_http_referer\" value=\"\/dnarna\/wp-json\/wp\/v2\/pages\/1342\" \/>        <input type=\"hidden\"\n               name=\"page_id\"\n               value=\"1342\">\n\t\t<input type=\"hidden\"\n               name=\"page_id_for_popup\"\n               value=\"1342\">\t   \n\t\t<input type=\"hidden\"\n               name=\"resetpassword_in_popup_selector\"\n               value=\"\">\n        <input type=\"hidden\"\n               name=\"widget_id\"\n               value=\"5c52085\">\n\t\t\t\t\t\t\t\t<\/form>\n\t\t\t\t\t\t\t\t\t\t\t<\/div>\n\t\t\t\t\t                <\/div>\n\n            <\/section>\n\t\t\t        <\/div>\n\n\t\t\t\t\t\t<\/div>\n\t\t\t\t<\/div>\n\t\t\t\t\t<\/div>\n\t\t\t\t<\/div>\n\t\t\t\t<\/div>\n\t\t","protected":false},"excerpt":{"rendered":"<p>Voc\u00ea j\u00e1 est\u00e1 conectado como Akira. (Sair) Nome de usu\u00e1rio ou endere\u00e7o de e-mail Entrar<\/p>\n","protected":false},"author":1,"featured_media":0,"parent":0,"menu_order":0,"comment_status":"closed","ping_status":"closed","template":"","meta":{"_eb_attr":"","footnotes":""},"class_list":["post-1342","page","type-page","status-publish","hentry"],"aioseo_notices":[],"_links":{"self":[{"href":"https:\/\/akiraastrologia.com.br\/dnarna\/wp-json\/wp\/v2\/pages\/1342","targetHints":{"allow":["GET"]}}],"collection":[{"href":"https:\/\/akiraastrologia.com.br\/dnarna\/wp-json\/wp\/v2\/pages"}],"about":[{"href":"https:\/\/akiraastrologia.com.br\/dnarna\/wp-json\/wp\/v2\/types\/page"}],"author":[{"embeddable":true,"href":"https:\/\/akiraastrologia.com.br\/dnarna\/wp-json\/wp\/v2\/users\/1"}],"replies":[{"embeddable":true,"href":"https:\/\/akiraastrologia.com.br\/dnarna\/wp-json\/wp\/v2\/comments?post=1342"}],"version-history":[{"count":43,"href":"https:\/\/akiraastrologia.com.br\/dnarna\/wp-json\/wp\/v2\/pages\/1342\/revisions"}],"predecessor-version":[{"id":3153,"href":"https:\/\/akiraastrologia.com.br\/dnarna\/wp-json\/wp\/v2\/pages\/1342\/revisions\/3153"}],"wp:attachment":[{"href":"https:\/\/akiraastrologia.com.br\/dnarna\/wp-json\/wp\/v2\/media?parent=1342"}],"curies":[{"name":"wp","href":"https:\/\/api.w.org\/{rel}","templated":true}]}}